{"id":35969,"date":"2026-03-29T19:14:22","date_gmt":"2026-03-29T19:14:22","guid":{"rendered":"https:\/\/wearebeu.com\/?page_id=35969"},"modified":"2026-04-16T21:03:33","modified_gmt":"2026-04-16T21:03:33","slug":"pagos-beu","status":"publish","type":"page","link":"https:\/\/wearebeu.com\/en\/pagos-beu\/","title":{"rendered":"Pagos"},"content":{"rendered":"<div data-elementor-type=\"wp-page\" data-elementor-id=\"35969\" class=\"elementor elementor-35969\" data-elementor-post-type=\"page\">\n\t\t\t\t<section class=\"elementor-element elementor-element-3e545a4 cmsmasters-section-for-header-yes e-flex e-con-boxed cmsmasters-bg-hide-none cmsmasters-bg-hide-none cmsmasters-block-default e-con e-parent\" data-id=\"3e545a4\" data-element_type=\"container\" data-e-type=\"container\" data-settings=\"{&quot;background_background&quot;:&quot;classic&quot;}\">\n\t\t\t\t\t<div class=\"e-con-inner\">\n\t\t<section class=\"elementor-element elementor-element-d41c7ad e-con-full cmsmasters-effect cmsmasters-effect-type-transform e-flex cmsmasters-effect-hover-type-element cmsmasters-block-default elementor-invisible e-con e-child\" data-id=\"d41c7ad\" data-element_type=\"container\" data-e-type=\"container\" data-settings=\"{&quot;background_background&quot;:&quot;classic&quot;,&quot;animation&quot;:&quot;fadeIn&quot;,&quot;cms_transform_hover_type&quot;:&quot;element&quot;}\">\n\t\t\t\t<div class=\"elementor-element elementor-element-470840d elementor-widget-tablet__width-initial cmsmasters-block-default cmsmasters-sticky-default elementor-widget elementor-widget-heading\" data-id=\"470840d\" data-element_type=\"widget\" data-e-type=\"widget\" data-widget_type=\"heading.default\">\n\t\t\t\t\t<h1 class=\"elementor-heading-title elementor-size-default\">Opciones de pago en Be.u\n<\/h1>\t\t\t\t<\/div>\n\t\t\t\t<div class=\"elementor-element elementor-element-aca98c3 elementor-widget-mobile__width-inherit cmsmasters-block-default cmsmasters-sticky-default elementor-widget elementor-widget-heading\" data-id=\"aca98c3\" data-element_type=\"widget\" data-e-type=\"widget\" data-widget_type=\"heading.default\">\n\t\t\t\t\t<span class=\"elementor-heading-title elementor-size-default\">Antes de iniciar recuerda:<\/span>\t\t\t\t<\/div>\n\t\t\t\t<div class=\"elementor-element elementor-element-84d489e elementor-widget__width-initial cmsmasters-block-default cmsmasters-sticky-default elementor-widget elementor-widget-heading\" data-id=\"84d489e\" data-element_type=\"widget\" data-e-type=\"widget\" data-widget_type=\"heading.default\">\n\t\t\t\t\t<p class=\"elementor-heading-title elementor-size-default\">Tener a la mano tu tarjeta, documento de identidad y el valor exacto que debes cancelar.<\/p>\t\t\t\t<\/div>\n\t\t\t\t<\/section>\n\t\t\t\t\t<\/div>\n\t\t\t\t<\/section>\n\t\t<div class=\"elementor-element elementor-element-49d2c81 e-flex e-con-boxed cmsmasters-block-default e-con e-parent\" data-id=\"49d2c81\" data-element_type=\"container\" data-e-type=\"container\" data-settings=\"{&quot;background_background&quot;:&quot;classic&quot;}\">\n\t\t\t\t\t<div class=\"e-con-inner\">\n\t\t\t\t<div class=\"elementor-element elementor-element-6c6e4c4 elementor-widget__width-auto cmsmasters-button-align-center cmsmasters-block-default cmsmasters-sticky-default elementor-widget elementor-widget-cmsmasters-button\" data-id=\"6c6e4c4\" data-element_type=\"widget\" data-e-type=\"widget\" data-widget_type=\"cmsmasters-button.default\">\n\t\t\t\t\t<div class=\"elementor-widget-cmsmasters-button__button-container\"><div class=\"elementor-widget-cmsmasters-button__button-container-inner\"><a href=\"https:\/\/checkout.wompi.co\/l\/rmx0uz\" class=\"cmsmasters-button-link elementor-widget-cmsmasters-button__button cmsmasters-icon-view- cmsmasters-icon-shape- cmsmasters-button-size-sm\" role=\"button\" tabindex=\"0\"><span class=\"elementor-widget-cmsmasters-button__content-wrapper cmsmasters-align-icon-\"><span class=\"elementor-widget-cmsmasters-button__text\">Pago de valoraci\u00f3n inicial de medicina est\u00e9tica<\/span><\/span><\/a><\/div><\/div>\t\t\t\t<\/div>\n\t\t\t\t<div class=\"elementor-element elementor-element-fdd519a elementor-widget__width-auto cmsmasters-button-align-center cmsmasters-block-default cmsmasters-sticky-default elementor-widget elementor-widget-cmsmasters-button\" data-id=\"fdd519a\" data-element_type=\"widget\" data-e-type=\"widget\" data-widget_type=\"cmsmasters-button.default\">\n\t\t\t\t\t<div class=\"elementor-widget-cmsmasters-button__button-container\"><div class=\"elementor-widget-cmsmasters-button__button-container-inner\"><a href=\"https:\/\/checkout.wompi.co\/l\/TP443O\" class=\"cmsmasters-button-link elementor-widget-cmsmasters-button__button cmsmasters-icon-view- cmsmasters-icon-shape- cmsmasters-button-size-sm\" role=\"button\" tabindex=\"0\"><span class=\"elementor-widget-cmsmasters-button__content-wrapper cmsmasters-align-icon-\"><span class=\"elementor-widget-cmsmasters-button__text\">Pago general de procedimiento<\/span><\/span><\/a><\/div><\/div>\t\t\t\t<\/div>\n\t\t\t\t\t<\/div>\n\t\t\t\t<\/div>\n\t\t<section class=\"elementor-element elementor-element-bd68650 e-flex e-con-boxed cmsmasters-block-default e-con e-parent\" data-id=\"bd68650\" data-element_type=\"container\" data-e-type=\"container\">\n\t\t\t\t\t<div class=\"e-con-inner\">\n\t\t<div class=\"elementor-element elementor-element-b7c6962 e-con-full e-flex cmsmasters-block-default e-con e-child\" data-id=\"b7c6962\" data-element_type=\"container\" data-e-type=\"container\">\n\t\t\t\t<div class=\"elementor-element elementor-element-aa3eb52 cmsmasters-block-default cmsmasters-sticky-default elementor-widget elementor-widget-image\" data-id=\"aa3eb52\" data-element_type=\"widget\" data-e-type=\"widget\" data-widget_type=\"image.default\">\n\t\t\t\t\t\t\t\t\t\t\t\t\t\t\t<img fetchpriority=\"high\" decoding=\"async\" width=\"816\" height=\"1024\" src=\"https:\/\/wearebeu.com\/wp-content\/uploads\/2026\/03\/RECEPCION-CLIENTE-1-816x1024.png\" class=\"attachment-large size-large wp-image-33276\" alt=\"\" srcset=\"https:\/\/wearebeu.com\/wp-content\/uploads\/2026\/03\/RECEPCION-CLIENTE-1-816x1024.png 816w, https:\/\/wearebeu.com\/wp-content\/uploads\/2026\/03\/RECEPCION-CLIENTE-1-239x300.png 239w, https:\/\/wearebeu.com\/wp-content\/uploads\/2026\/03\/RECEPCION-CLIENTE-1-768x964.png 768w, https:\/\/wearebeu.com\/wp-content\/uploads\/2026\/03\/RECEPCION-CLIENTE-1-600x753.png 600w, https:\/\/wearebeu.com\/wp-content\/uploads\/2026\/03\/RECEPCION-CLIENTE-1.png 1024w\" sizes=\"(max-width: 816px) 100vw, 816px\" \/>\t\t\t\t\t\t\t\t\t\t\t\t\t\t\t<\/div>\n\t\t\t\t<\/div>\n\t\t<section class=\"elementor-element elementor-element-622979f e-con-full e-flex cmsmasters-block-default e-con e-child\" data-id=\"622979f\" data-element_type=\"container\" data-e-type=\"container\">\n\t\t\t\t<div class=\"elementor-element elementor-element-1b604f1 cmsmasters-block-default cmsmasters-sticky-default elementor-widget elementor-widget-heading\" data-id=\"1b604f1\" data-element_type=\"widget\" data-e-type=\"widget\" data-widget_type=\"heading.default\">\n\t\t\t\t\t<h2 class=\"elementor-heading-title elementor-size-default\">Debes indicar los datos de tu tarjeta para el proceso de pago<\/h2>\t\t\t\t<\/div>\n\t\t\t\t<div class=\"elementor-element elementor-element-4b35717 cmsmasters-block-default cmsmasters-sticky-default elementor-widget elementor-widget-heading\" data-id=\"4b35717\" data-element_type=\"widget\" data-e-type=\"widget\" data-widget_type=\"heading.default\">\n\t\t\t\t\t<p class=\"elementor-heading-title elementor-size-default\">Estos datos los encuentras en el mismo pl\u00e1stico y son:<\/p>\t\t\t\t<\/div>\n\t\t\t\t<div class=\"elementor-element elementor-element-61831c1 cmsmasters-block-default cmsmasters-sticky-default elementor-widget elementor-widget-text-editor\" data-id=\"61831c1\" data-element_type=\"widget\" data-e-type=\"widget\" data-widget_type=\"text-editor.default\">\n\t\t\t\t\t\t\t\t\t<ol><li>Los d\u00edgitos de tu tarjeta, sin puntos y sin guiones. Exactamente igual a como est\u00e1n en el pl\u00e1stico.<\/li><li>La fecha de vencimiento de tu tarjeta. Aparece el mes y el a\u00f1o.<\/li><li>El nombre del titular de la tarjeta exactamente igual a como aparece en el pl\u00e1stico.<\/li><li>El c\u00f3digo de seguridad CVC que est\u00e1 en el reverso de tu tarjeta (es muy importante que no compartas este c\u00f3digo con ninguna persona, este c\u00f3digo es solo tuyo).<\/li><li>Despu\u00e9s de introducir los datos, el sistema te preguntar\u00e1 por el n\u00famero de cuotas en las que quieres pagar. Selecciona el plazo que m\u00e1s se adec\u00fae a tus necesidades.<\/li><li>Despu\u00e9s de introducir todos los datos y de aceptar la transacci\u00f3n, el pago quedar\u00e1 realizado y el monto se cargar\u00e1 autom\u00e1ticamente a tu tarjeta.<\/li><\/ol>\t\t\t\t\t\t\t\t<\/div>\n\t\t\t\t<\/section>\n\t\t\t\t\t<\/div>\n\t\t\t\t<\/section>\n\t\t\t\t<\/div>","protected":false},"excerpt":{"rendered":"<p>Opciones de pago en Be.u Antes de iniciar recuerda: Tener a la mano tu tarjeta, documento de identidad y el valor exacto que debes cancelar. Pago de valoraci\u00f3n inicial de medicina est\u00e9tica Pago general de procedimiento Debes indicar los datos de tu tarjeta para el proceso de pago Estos datos los encuentras en el mismo&#8230;<\/p>","protected":false},"author":4,"featured_media":0,"parent":0,"menu_order":0,"comment_status":"closed","ping_status":"closed","template":"","meta":{"_acf_changed":false,"footnotes":""},"class_list":["post-35969","page","type-page","status-publish","hentry"],"acf":[],"yoast_head":"<!-- This site is optimized with the Yoast SEO plugin v27.5 - https:\/\/yoast.com\/product\/yoast-seo-wordpress\/ -->\n<title>Paga tu tratamiento | Beu Medell\u00edn<\/title>\n<meta name=\"description\" content=\"Paga tu tratamiento de medicina est\u00e9tica en Beu Medell\u00edn de forma r\u00e1pida y segura. Accede a nuestros servicios y finaliza tu pago en l\u00ednea.\" \/>\n<meta name=\"robots\" content=\"index, follow, max-snippet:-1, max-image-preview:large, max-video-preview:-1\" \/>\n<link rel=\"canonical\" href=\"https:\/\/wearebeu.com\/en\/pagos-beu\/\" \/>\n<meta property=\"og:locale\" content=\"en_US\" \/>\n<meta property=\"og:type\" content=\"article\" \/>\n<meta property=\"og:title\" content=\"Paga tu tratamiento | Beu Medell\u00edn\" \/>\n<meta property=\"og:description\" content=\"Paga tu tratamiento de medicina est\u00e9tica en Beu Medell\u00edn de forma r\u00e1pida y segura. Accede a nuestros servicios y finaliza tu pago en l\u00ednea.\" \/>\n<meta property=\"og:url\" content=\"https:\/\/wearebeu.com\/en\/pagos-beu\/\" \/>\n<meta property=\"og:site_name\" content=\"wearebeu.com\" \/>\n<meta property=\"article:modified_time\" content=\"2026-04-16T21:03:33+00:00\" \/>\n<meta property=\"og:image\" content=\"https:\/\/wearebeu.com\/wp-content\/uploads\/2026\/03\/RECEPCION-CLIENTE-1-816x1024.png\" \/>\n<meta name=\"twitter:card\" content=\"summary_large_image\" \/>\n<meta name=\"twitter:label1\" content=\"Est. reading time\" \/>\n\t<meta name=\"twitter:data1\" content=\"2 minutes\" \/>\n<!-- \/ Yoast SEO plugin. -->","yoast_head_json":{"title":"Paga tu tratamiento | Beu Medell\u00edn","description":"Paga tu tratamiento de medicina est\u00e9tica en Beu Medell\u00edn de forma r\u00e1pida y segura. Accede a nuestros servicios y finaliza tu pago en l\u00ednea.","robots":{"index":"index","follow":"follow","max-snippet":"max-snippet:-1","max-image-preview":"max-image-preview:large","max-video-preview":"max-video-preview:-1"},"canonical":"https:\/\/wearebeu.com\/en\/pagos-beu\/","og_locale":"en_US","og_type":"article","og_title":"Paga tu tratamiento | Beu Medell\u00edn","og_description":"Paga tu tratamiento de medicina est\u00e9tica en Beu Medell\u00edn de forma r\u00e1pida y segura. Accede a nuestros servicios y finaliza tu pago en l\u00ednea.","og_url":"https:\/\/wearebeu.com\/en\/pagos-beu\/","og_site_name":"wearebeu.com","article_modified_time":"2026-04-16T21:03:33+00:00","og_image":[{"url":"https:\/\/wearebeu.com\/wp-content\/uploads\/2026\/03\/RECEPCION-CLIENTE-1-816x1024.png","type":"","width":"","height":""}],"twitter_card":"summary_large_image","twitter_misc":{"Est. reading time":"2 minutes"},"schema":{"@context":"https:\/\/schema.org","@graph":[{"@type":"WebPage","@id":"https:\/\/wearebeu.com\/pagos-beu\/","url":"https:\/\/wearebeu.com\/pagos-beu\/","name":"Paga tu tratamiento | Beu Medell\u00edn","isPartOf":{"@id":"https:\/\/wearebeu.com\/#website"},"primaryImageOfPage":{"@id":"https:\/\/wearebeu.com\/pagos-beu\/#primaryimage"},"image":{"@id":"https:\/\/wearebeu.com\/pagos-beu\/#primaryimage"},"thumbnailUrl":"https:\/\/wearebeu.com\/wp-content\/uploads\/2026\/03\/RECEPCION-CLIENTE-1-816x1024.png","datePublished":"2026-03-29T19:14:22+00:00","dateModified":"2026-04-16T21:03:33+00:00","description":"Paga tu tratamiento de medicina est\u00e9tica en Beu Medell\u00edn de forma r\u00e1pida y segura. Accede a nuestros servicios y finaliza tu pago en l\u00ednea.","breadcrumb":{"@id":"https:\/\/wearebeu.com\/pagos-beu\/#breadcrumb"},"inLanguage":"en-US","potentialAction":[{"@type":"ReadAction","target":["https:\/\/wearebeu.com\/pagos-beu\/"]}]},{"@type":"ImageObject","inLanguage":"en-US","@id":"https:\/\/wearebeu.com\/pagos-beu\/#primaryimage","url":"https:\/\/wearebeu.com\/wp-content\/uploads\/2026\/03\/RECEPCION-CLIENTE-1-816x1024.png","contentUrl":"https:\/\/wearebeu.com\/wp-content\/uploads\/2026\/03\/RECEPCION-CLIENTE-1-816x1024.png"},{"@type":"BreadcrumbList","@id":"https:\/\/wearebeu.com\/pagos-beu\/#breadcrumb","itemListElement":[{"@type":"ListItem","position":1,"name":"Inicio","item":"https:\/\/wearebeu.com\/"},{"@type":"ListItem","position":2,"name":"Pagos"}]},{"@type":"WebSite","@id":"https:\/\/wearebeu.com\/#website","url":"https:\/\/wearebeu.com\/","name":"wearebeu.com","description":"","potentialAction":[{"@type":"SearchAction","target":{"@type":"EntryPoint","urlTemplate":"https:\/\/wearebeu.com\/?s={search_term_string}"},"query-input":{"@type":"PropertyValueSpecification","valueRequired":true,"valueName":"search_term_string"}}],"inLanguage":"en-US"}]}},"_links":{"self":[{"href":"https:\/\/wearebeu.com\/en\/wp-json\/wp\/v2\/pages\/35969","targetHints":{"allow":["GET"]}}],"collection":[{"href":"https:\/\/wearebeu.com\/en\/wp-json\/wp\/v2\/pages"}],"about":[{"href":"https:\/\/wearebeu.com\/en\/wp-json\/wp\/v2\/types\/page"}],"author":[{"embeddable":true,"href":"https:\/\/wearebeu.com\/en\/wp-json\/wp\/v2\/users\/4"}],"replies":[{"embeddable":true,"href":"https:\/\/wearebeu.com\/en\/wp-json\/wp\/v2\/comments?post=35969"}],"version-history":[{"count":31,"href":"https:\/\/wearebeu.com\/en\/wp-json\/wp\/v2\/pages\/35969\/revisions"}],"predecessor-version":[{"id":37750,"href":"https:\/\/wearebeu.com\/en\/wp-json\/wp\/v2\/pages\/35969\/revisions\/37750"}],"wp:attachment":[{"href":"https:\/\/wearebeu.com\/en\/wp-json\/wp\/v2\/media?parent=35969"}],"curies":[{"name":"wp","href":"https:\/\/api.w.org\/{rel}","templated":true}]}}