{"id":32900,"date":"2026-03-17T13:56:31","date_gmt":"2026-03-17T13:56:31","guid":{"rendered":"https:\/\/wearebeu.com\/?page_id=32900"},"modified":"2026-04-16T20:35:29","modified_gmt":"2026-04-16T20:35:29","slug":"contact-beu","status":"publish","type":"page","link":"https:\/\/wearebeu.com\/en\/contacto-beu\/","title":{"rendered":"Contact"},"content":{"rendered":"\t\t<div data-elementor-type=\"wp-page\" data-elementor-id=\"32900\" class=\"elementor elementor-32900\" data-elementor-post-type=\"page\">\n\t\t\t\t<section class=\"elementor-element elementor-element-a895b3e e-flex e-con-boxed cmsmasters-block-default e-con e-parent\" data-id=\"a895b3e\" data-element_type=\"container\" data-e-type=\"container\">\n\t\t\t\t\t<div class=\"e-con-inner\">\n\t\t<div class=\"elementor-element elementor-element-8c4acaf e-con-full e-flex cmsmasters-block-default e-con e-child\" data-id=\"8c4acaf\" data-element_type=\"container\" data-e-type=\"container\">\n\t\t\t\t<div class=\"elementor-element elementor-element-2436625 cmsmasters-block-default cmsmasters-sticky-default elementor-widget elementor-widget-heading\" data-id=\"2436625\" data-element_type=\"widget\" data-e-type=\"widget\" data-widget_type=\"heading.default\">\n\t\t\t\t\t<h1 class=\"elementor-heading-title elementor-size-default\">\u00a1Cont\u00e1ctanos!\n<\/h1>\t\t\t\t<\/div>\n\t\t\t\t<div class=\"elementor-element elementor-element-3fedcb3 cmsmasters-block-default cmsmasters-sticky-default elementor-widget elementor-widget-testimonial\" data-id=\"3fedcb3\" data-element_type=\"widget\" data-e-type=\"widget\" data-widget_type=\"testimonial.default\">\n\t\t\t\t\t\t\t<div class=\"elementor-testimonial-wrapper\">\n\t\t\t\t\t\t\t<div class=\"elementor-testimonial-content\">Agenda tu cita y deja tu piel en las manos expertas de Be.u Medell\u00edn.<\/div>\n\t\t\t\n\t\t\t\t\t<\/div>\n\t\t\t\t\t\t<\/div>\n\t\t\t\t<\/div>\n\t\t\t\t\t<\/div>\n\t\t\t\t<\/section>\n\t\t<section class=\"elementor-element elementor-element-5550a5f e-con-full e-flex cmsmasters-block-default e-con e-parent\" data-id=\"5550a5f\" data-element_type=\"container\" data-e-type=\"container\">\n\t\t<section class=\"elementor-element elementor-element-5e34eb2 e-flex e-con-boxed cmsmasters-block-default e-con e-child\" data-id=\"5e34eb2\" data-element_type=\"container\" data-e-type=\"container\" data-settings=\"{&quot;background_background&quot;:&quot;classic&quot;}\">\n\t\t\t\t\t<div class=\"e-con-inner\">\n\t\t\t\t<div class=\"elementor-element elementor-element-5f2772c cmsmasters-block-default cmsmasters-sticky-default elementor-widget elementor-widget-heading\" data-id=\"5f2772c\" data-element_type=\"widget\" data-e-type=\"widget\" data-widget_type=\"heading.default\">\n\t\t\t\t\t<h2 class=\"elementor-heading-title elementor-size-default\">Realza tu brillo natural<\/h2>\t\t\t\t<\/div>\n\t\t\t\t<div class=\"elementor-element elementor-element-2000574 cmsmasters-block-default cmsmasters-sticky-default elementor-widget elementor-widget-heading\" data-id=\"2000574\" data-element_type=\"widget\" data-e-type=\"widget\" data-widget_type=\"heading.default\">\n\t\t\t\t\t<h2 class=\"elementor-heading-title elementor-size-default\">Completa el formulario y uno de nuestros asesores te contactar\u00e1 para agendar tu cita de valoraci\u00f3n<\/h2>\t\t\t\t<\/div>\n\t\t\t\t<div class=\"elementor-element elementor-element-fe83488 cmsmasters-block-default cmsmasters-sticky-default elementor-widget elementor-widget-cmsmasters-forminator\" data-id=\"fe83488\" data-element_type=\"widget\" data-e-type=\"widget\" data-settings=\"{&quot;form_list&quot;:50}\" data-widget_type=\"cmsmasters-forminator.default\">\n\t\t\t\t\t<div class=\"elementor-widget-cmsmasters-contact-form__wrapper elementor-widget-cmsmasters-contact-form cmsmasters-default-color cmsmasters-default-font\" id=\"cmsmasters-widget-form-fe83488\">\r\n\t\t\t<div class=\"elementor-widget-cmsmasters-contact-form__inner\"><div class=\"forminator-ui forminator-custom-form forminator-custom-form-50 forminator-design--default forminator-custom forminator_ajax\" data-forminator-render=\"0\" data-form=\"forminator-module-50\" data-uid=\"6a049b20aa8a4\"><br\/><\/div><form\n\t\t\t\tid=\"forminator-module-50\"\n\t\t\t\tclass=\"forminator-ui forminator-custom-form forminator-custom-form-50 forminator-design--default forminator-custom forminator_ajax\"\n\t\t\t\tmethod=\"post\"\n\t\t\t\tdata-forminator-render=\"0\"\n\t\t\t\tdata-form-id=\"50\"\n\t\t\t\t data-color-option=\"default\" data-design=\"default\" data-grid=\"custom\" style=\"display: none;\"\n\t\t\t\tdata-uid=\"6a049b20aa8a4\"\n\t\t\t><div role=\"alert\" aria-live=\"polite\" class=\"forminator-response-message forminator-error\" aria-hidden=\"true\"><\/div><div class=\"forminator-row\"><div id=\"select-1\" class=\"forminator-field-select forminator-col forminator-col-6 \"><div class=\"forminator-field\"><label for=\"forminator-form-50__field--select-1_6a049b20aa8a4\" id=\"forminator-form-50__field--select-1_6a049b20aa8a4-label\" class=\"forminator-label\">Tratamiento de inter\u00e9s<\/label><select  id=\"forminator-form-50__field--select-1_6a049b20aa8a4\" class=\"forminator-select--field forminator-select2 forminator-select2-multiple\" data-required=\"\" name=\"select-1\" data-default-value=\"\" data-placeholder=\"Tratamiento de inter\u00e9s\" data-search=\"false\" data-search-placeholder=\"Tratamiento de inter\u00e9s\" data-checkbox=\"false\" data-allow-clear=\"false\" aria-labelledby=\"forminator-form-50__field--select-1_6a049b20aa8a4-label\"><option value=\"\"  >Tratamiento de inter\u00e9s<\/option><option value=\"crowns-and-bridges\"  data-calculation=\"0\">Perfilamiento de labios<\/option><option value=\"dental-implants\"  data-calculation=\"0\">\u00c1cido hialur\u00f3nico<\/option><option value=\"gum-disease-treatment\"  data-calculation=\"0\">Botox<\/option><option value=\"hygiene-treatments\"  data-calculation=\"0\">HarmonyCa Bioestimulador de col\u00e1geno<\/option><option value=\"invisalign\"  data-calculation=\"0\">Sculptra Bioestimulador de col\u00e1geno<\/option><option value=\"porcelain-veneers\"  data-calculation=\"0\">Nanopore<\/option><option value=\"root-canals\"  data-calculation=\"0\">Hydrafacial<\/option><option value=\"teeth-whitening\"  data-calculation=\"0\">Limpieza facial<\/option><option value=\"Casmara\"  data-calculation=\"0\">Casmara<\/option><option value=\"Limpieza-facial-acne\"  data-calculation=\"0\">Limpieza facial acn\u00e9<\/option><\/select><\/div><\/div><div id=\"name-1\" class=\"forminator-field-name forminator-col forminator-col-6 \"><div class=\"forminator-field\"><label for=\"forminator-field-name-1_6a049b20aa8a4\" id=\"forminator-field-name-1_6a049b20aa8a4-label\" class=\"forminator-label\">Nombres y apellidos <span class=\"forminator-required\">*<\/span><\/label><input type=\"text\" name=\"name-1\" value=\"\" placeholder=\"Nombres y apellidos\" id=\"forminator-field-name-1_6a049b20aa8a4\" class=\"forminator-input forminator-name--field\" aria-required=\"true\" autocomplete=\"name\" \/><\/div><\/div><\/div><div class=\"forminator-row\"><div id=\"phone-1\" class=\"forminator-field-phone forminator-col forminator-col-6 \"><div class=\"forminator-field\"><label for=\"forminator-field-phone-1_6a049b20aa8a4\" id=\"forminator-field-phone-1_6a049b20aa8a4-label\" class=\"forminator-label\">N\u00famero celular<\/label><input type=\"text\" name=\"phone-1\" value=\"\" placeholder=\"N\u00famero celular\" id=\"forminator-field-phone-1_6a049b20aa8a4\" class=\"forminator-input forminator-field--phone\" data-required=\"\" aria-required=\"false\" autocomplete=\"off\" \/><\/div><\/div><div id=\"email-1\" class=\"forminator-field-email forminator-col forminator-col-6 \"><div class=\"forminator-field\"><label for=\"forminator-field-email-1_6a049b20aa8a4\" id=\"forminator-field-email-1_6a049b20aa8a4-label\" class=\"forminator-label\">Correo electr\u00f3nico<\/label><input type=\"email\" name=\"email-1\" value=\"\" placeholder=\"Correo electr\u00f3nico\" id=\"forminator-field-email-1_6a049b20aa8a4\" class=\"forminator-input forminator-email--field\" data-required=\"\" aria-required=\"false\" autocomplete=\"email\" \/><\/div><\/div><\/div><input type=\"hidden\" name=\"referer_url\" value=\"\" \/><div class=\"forminator-row forminator-row-last\"><div class=\"forminator-col\"><div class=\"forminator-field\"><button class=\"forminator-button forminator-button-submit\">Enviar<\/button><\/div><\/div><\/div><input type=\"hidden\" id=\"forminator_nonce\" name=\"forminator_nonce\" value=\"b6571580ab\" \/><input type=\"hidden\" name=\"_wp_http_referer\" value=\"\/en\/wp-json\/wp\/v2\/pages\/32900\" \/><input type=\"hidden\" name=\"form_id\" value=\"50\"><input type=\"hidden\" name=\"page_id\" value=\"32900\"><input type=\"hidden\" name=\"form_type\" value=\"default\"><input type=\"hidden\" name=\"current_url\" value=\"https:\/\/wearebeu.com\/en\/contacto-beu\/\"><input type=\"hidden\" name=\"render_id\" value=\"0\"><input type=\"hidden\" name=\"action\" value=\"forminator_submit_form_custom-forms\"><\/form><\/div>\r\n\t\t<\/div>\t\t\t\t<\/div>\n\t\t\t\t\t<\/div>\n\t\t\t\t<\/section>\n\t\t<div class=\"elementor-element elementor-element-0e586b9 e-con-full e-flex cmsmasters-bg-hide-none cmsmasters-bg-hide-none cmsmasters-block-default e-con e-child\" data-id=\"0e586b9\" data-element_type=\"container\" data-e-type=\"container\" data-settings=\"{&quot;background_background&quot;:&quot;classic&quot;}\">\n\t\t\t\t<\/div>\n\t\t\t\t<\/section>\n\t\t<section class=\"elementor-element elementor-element-81d009a e-flex e-con-boxed cmsmasters-block-default e-con e-parent\" data-id=\"81d009a\" data-element_type=\"container\" data-e-type=\"container\">\n\t\t\t\t\t<div class=\"e-con-inner\">\n\t\t<div class=\"elementor-element elementor-element-11dd033 e-con-full e-flex cmsmasters-block-default e-con e-child\" data-id=\"11dd033\" data-element_type=\"container\" data-e-type=\"container\">\n\t\t\t\t<div class=\"elementor-element elementor-element-c6a01e6 cmsmasters-block-default cmsmasters-sticky-default elementor-widget elementor-widget-heading\" data-id=\"c6a01e6\" data-element_type=\"widget\" data-e-type=\"widget\" data-widget_type=\"heading.default\">\n\t\t\t\t\t<span class=\"elementor-heading-title elementor-size-default\">FAQ<\/span>\t\t\t\t<\/div>\n\t\t\t\t<div class=\"elementor-element elementor-element-4b2e7e2 cmsmasters-block-default cmsmasters-sticky-default elementor-widget elementor-widget-heading\" data-id=\"4b2e7e2\" data-element_type=\"widget\" data-e-type=\"widget\" data-widget_type=\"heading.default\">\n\t\t\t\t\t<h2 class=\"elementor-heading-title elementor-size-default\">Explora todo nuestro portafolio<\/h2>\t\t\t\t<\/div>\n\t\t\t\t<div class=\"elementor-element elementor-element-f682bae cmsmasters-icon-arrangement-together cmsmasters-block-default cmsmasters-sticky-default elementor-widget elementor-widget-cmsmasters-button\" data-id=\"f682bae\" data-element_type=\"widget\" data-e-type=\"widget\" data-widget_type=\"cmsmasters-button.default\">\n\t\t\t\t\t<div class=\"elementor-widget-cmsmasters-button__button-container\"><div class=\"elementor-widget-cmsmasters-button__button-container-inner\"><a href=\"\/medicina-estetica\/\" class=\"cmsmasters-button-link elementor-widget-cmsmasters-button__button cmsmasters-icon-view-default cmsmasters-icon-shape- cmsmasters-button-size-sm\" role=\"button\" tabindex=\"0\"><span class=\"elementor-widget-cmsmasters-button__content-wrapper cmsmasters-align-icon-right\"><span class=\"elementor-widget-cmsmasters-button__icon\"><i aria-hidden=\"true\" class=\"cmsdemo-icon- cms-demo-icon-arrow-diagonal\"><\/i><\/span><span class=\"elementor-widget-cmsmasters-button__text\">Explora nuestros tratamientos faciales<\/span><\/span><\/a><\/div><\/div>\t\t\t\t<\/div>\n\t\t\t\t<\/div>\n\t\t<section class=\"elementor-element elementor-element-1ae74d1 e-con-full e-flex cmsmasters-block-default e-con e-child\" data-id=\"1ae74d1\" data-element_type=\"container\" data-e-type=\"container\">\n\t\t\t\t<div data-separate-animation-selector=\".elementor-widget-cmsmasters-toggles__item\" data-text-animation-class=\"sequental, random\" class=\"elementor-element elementor-element-939a4a2 elementor-widget__width-initial elementor-widget-tablet__width-inherit cmsmasters-title-alignment-left cmsmasters-item-icon-position-left cmsmasters-trigger-icon-view-default cmsmasters-block-default cmsmasters-sticky-default elementor-widget elementor-widget-cmsmasters-toggles cmsmasters-widget-toggles\" data-id=\"939a4a2\" data-element_type=\"widget\" data-e-type=\"widget\" data-settings=\"{&quot;toggles&quot;:[{&quot;toggle_title&quot;:&quot;\\u00c1cido hialur\\u00f3nico&quot;,&quot;toggle_content&quot;:&quot;&lt;p&gt;Permite hidratar la piel, perfilar rasgos y aportar volumen estrat\\u00e9gico en zonas espec\\u00edficas del rostro, logrando una apariencia m\\u00e1s equilibrada y definida.&lt;\\\/p&gt;&quot;,&quot;_id&quot;:&quot;f50b0ae&quot;,&quot;content_type&quot;:&quot;toggle-content&quot;,&quot;saved_section&quot;:null,&quot;saved_template&quot;:null,&quot;item_icon&quot;:{&quot;value&quot;:&quot;&quot;,&quot;library&quot;:&quot;&quot;},&quot;toggle_custom_id&quot;:&quot;&quot;},{&quot;toggle_title&quot;:&quot;B\\u00f3tox&quot;,&quot;toggle_content&quot;:&quot;&lt;p&gt;Para suavizar l\\u00edneas de expresi\\u00f3n en frente, entrecejo y patas de gallo, logrando un aspecto m\\u00e1s fresco y rejuvenecido.&lt;\\\/p&gt;&quot;,&quot;_id&quot;:&quot;003094a&quot;,&quot;content_type&quot;:&quot;toggle-content&quot;,&quot;saved_section&quot;:null,&quot;saved_template&quot;:null,&quot;item_icon&quot;:{&quot;value&quot;:&quot;&quot;,&quot;library&quot;:&quot;&quot;},&quot;toggle_custom_id&quot;:&quot;&quot;},{&quot;toggle_title&quot;:&quot;Bioestimuladores&quot;,&quot;toggle_content&quot;:&quot;&lt;p&gt;Activa la producci\\u00f3n natural de col\\u00e1geno, ayudando a mejorar la calidad de la piel, su firmeza y su textura de forma progresiva.&lt;\\\/p&gt;&quot;,&quot;_id&quot;:&quot;97ae4e9&quot;,&quot;content_type&quot;:&quot;toggle-content&quot;,&quot;saved_section&quot;:null,&quot;saved_template&quot;:null,&quot;item_icon&quot;:{&quot;value&quot;:&quot;&quot;,&quot;library&quot;:&quot;&quot;},&quot;toggle_custom_id&quot;:&quot;&quot;},{&quot;toggle_title&quot;:&quot;Nanopore \\\/ Micropunci\\u00f3n&quot;,&quot;toggle_content&quot;:&quot;&lt;p&gt;Estimula la regeneraci\\u00f3n de la piel y favorece la absorci\\u00f3n de activos como exosomas, ayudando a mejorar textura, luminosidad y calidad de la piel.&lt;\\\/p&gt;&quot;,&quot;_id&quot;:&quot;aecca3b&quot;,&quot;content_type&quot;:&quot;toggle-content&quot;,&quot;saved_section&quot;:null,&quot;saved_template&quot;:null,&quot;item_icon&quot;:{&quot;value&quot;:&quot;&quot;,&quot;library&quot;:&quot;&quot;},&quot;toggle_custom_id&quot;:&quot;&quot;},{&quot;toggle_title&quot;:&quot;Cosmetolog\\u00eda&quot;,&quot;toggle_content&quot;:&quot;&lt;p&gt;Desde hidratar y aportar luminosidad hasta tratar impurezas o brotes, el enfoque siempre es el mismo: que tu piel se vea y se sienta mejor.&lt;\\\/p&gt;&quot;,&quot;_id&quot;:&quot;5da317b&quot;,&quot;content_type&quot;:&quot;toggle-content&quot;,&quot;saved_section&quot;:null,&quot;saved_template&quot;:null,&quot;item_icon&quot;:{&quot;value&quot;:&quot;&quot;,&quot;library&quot;:&quot;&quot;},&quot;toggle_custom_id&quot;:&quot;&quot;}],&quot;type&quot;:&quot;toggles&quot;}\" data-widget_type=\"cmsmasters-toggles.default\">\n\t\t\t\t\t<div class=\"elementor-widget-cmsmasters-toggles__list\"><div class=\"elementor-widget-cmsmasters-toggles__item\"><h4 id=\"elementor-tab-title-1541\" class=\"elementor-widget-cmsmasters-toggles__title\" data-tab=\"1\" aria-expanded=\"false\" aria-controls=\"elementor-widget-cmsmasters-toggles__content-1541\" tabindex=\"0\"><a class=\"elementor-widget-cmsmasters-toggles__title-link cmsmasters_enable_trigger_icon\" href=\"#\" tabindex=\"-1\"><span class=\"elementor-widget-cmsmasters-toggles__title-text\">\u00c1cido hialur\u00f3nico<\/span><\/a><span class=\"elementor-widget-cmsmasters-toggles__trigger\"><span class=\"elementor-widget-cmsmasters-toggles__trigger-closed\"><i aria-hidden=\"true\" aria-label=\"Closed\" class=\"cmsdemo-icon- cms-demo-icon-plus\"><\/i><\/span><span class=\"elementor-widget-cmsmasters-toggles__trigger-opened\"><i aria-hidden=\"true\" aria-label=\"Opened\" class=\"cmsdemo-icon- cms-demo-icon-minus\"><\/i><\/span><\/span><\/h4><div id=\"elementor-widget-cmsmasters-toggles__content-1541\" class=\"elementor-widget-cmsmasters-toggles__content elementor-clearfix\" data-tab=\"1\"><p>Permite hidratar la piel, perfilar rasgos y aportar volumen estrat\u00e9gico en zonas espec\u00edficas del rostro, logrando una apariencia m\u00e1s equilibrada y definida.<\/p><\/div><\/div><div class=\"elementor-widget-cmsmasters-toggles__item\"><h4 id=\"elementor-tab-title-1542\" class=\"elementor-widget-cmsmasters-toggles__title\" data-tab=\"2\" aria-expanded=\"false\" aria-controls=\"elementor-widget-cmsmasters-toggles__content-1542\" tabindex=\"0\"><a class=\"elementor-widget-cmsmasters-toggles__title-link cmsmasters_enable_trigger_icon\" href=\"#\" tabindex=\"-1\"><span class=\"elementor-widget-cmsmasters-toggles__title-text\">B\u00f3tox<\/span><\/a><span class=\"elementor-widget-cmsmasters-toggles__trigger\"><span class=\"elementor-widget-cmsmasters-toggles__trigger-closed\"><i aria-hidden=\"true\" aria-label=\"Closed\" class=\"cmsdemo-icon- cms-demo-icon-plus\"><\/i><\/span><span class=\"elementor-widget-cmsmasters-toggles__trigger-opened\"><i aria-hidden=\"true\" aria-label=\"Opened\" class=\"cmsdemo-icon- cms-demo-icon-minus\"><\/i><\/span><\/span><\/h4><div id=\"elementor-widget-cmsmasters-toggles__content-1542\" class=\"elementor-widget-cmsmasters-toggles__content elementor-clearfix\" data-tab=\"2\"><p>Para suavizar l\u00edneas de expresi\u00f3n en frente, entrecejo y patas de gallo, logrando un aspecto m\u00e1s fresco y rejuvenecido.<\/p><\/div><\/div><div class=\"elementor-widget-cmsmasters-toggles__item\"><h4 id=\"elementor-tab-title-1543\" class=\"elementor-widget-cmsmasters-toggles__title\" data-tab=\"3\" aria-expanded=\"false\" aria-controls=\"elementor-widget-cmsmasters-toggles__content-1543\" tabindex=\"0\"><a class=\"elementor-widget-cmsmasters-toggles__title-link cmsmasters_enable_trigger_icon\" href=\"#\" tabindex=\"-1\"><span class=\"elementor-widget-cmsmasters-toggles__title-text\">Bioestimuladores<\/span><\/a><span class=\"elementor-widget-cmsmasters-toggles__trigger\"><span class=\"elementor-widget-cmsmasters-toggles__trigger-closed\"><i aria-hidden=\"true\" aria-label=\"Closed\" class=\"cmsdemo-icon- cms-demo-icon-plus\"><\/i><\/span><span class=\"elementor-widget-cmsmasters-toggles__trigger-opened\"><i aria-hidden=\"true\" aria-label=\"Opened\" class=\"cmsdemo-icon- cms-demo-icon-minus\"><\/i><\/span><\/span><\/h4><div id=\"elementor-widget-cmsmasters-toggles__content-1543\" class=\"elementor-widget-cmsmasters-toggles__content elementor-clearfix\" data-tab=\"3\"><p>Activa la producci\u00f3n natural de col\u00e1geno, ayudando a mejorar la calidad de la piel, su firmeza y su textura de forma progresiva.<\/p><\/div><\/div><div class=\"elementor-widget-cmsmasters-toggles__item\"><h4 id=\"elementor-tab-title-1544\" class=\"elementor-widget-cmsmasters-toggles__title\" data-tab=\"4\" aria-expanded=\"false\" aria-controls=\"elementor-widget-cmsmasters-toggles__content-1544\" tabindex=\"0\"><a class=\"elementor-widget-cmsmasters-toggles__title-link cmsmasters_enable_trigger_icon\" href=\"#\" tabindex=\"-1\"><span class=\"elementor-widget-cmsmasters-toggles__title-text\">Nanopore \/ Micropunci\u00f3n<\/span><\/a><span class=\"elementor-widget-cmsmasters-toggles__trigger\"><span class=\"elementor-widget-cmsmasters-toggles__trigger-closed\"><i aria-hidden=\"true\" aria-label=\"Closed\" class=\"cmsdemo-icon- cms-demo-icon-plus\"><\/i><\/span><span class=\"elementor-widget-cmsmasters-toggles__trigger-opened\"><i aria-hidden=\"true\" aria-label=\"Opened\" class=\"cmsdemo-icon- cms-demo-icon-minus\"><\/i><\/span><\/span><\/h4><div id=\"elementor-widget-cmsmasters-toggles__content-1544\" class=\"elementor-widget-cmsmasters-toggles__content elementor-clearfix\" data-tab=\"4\"><p>Estimula la regeneraci\u00f3n de la piel y favorece la absorci\u00f3n de activos como exosomas, ayudando a mejorar textura, luminosidad y calidad de la piel.<\/p><\/div><\/div><div class=\"elementor-widget-cmsmasters-toggles__item\"><h4 id=\"elementor-tab-title-1545\" class=\"elementor-widget-cmsmasters-toggles__title\" data-tab=\"5\" aria-expanded=\"false\" aria-controls=\"elementor-widget-cmsmasters-toggles__content-1545\" tabindex=\"0\"><a class=\"elementor-widget-cmsmasters-toggles__title-link cmsmasters_enable_trigger_icon\" href=\"#\" tabindex=\"-1\"><span class=\"elementor-widget-cmsmasters-toggles__title-text\">Cosmetolog\u00eda<\/span><\/a><span class=\"elementor-widget-cmsmasters-toggles__trigger\"><span class=\"elementor-widget-cmsmasters-toggles__trigger-closed\"><i aria-hidden=\"true\" aria-label=\"Closed\" class=\"cmsdemo-icon- cms-demo-icon-plus\"><\/i><\/span><span class=\"elementor-widget-cmsmasters-toggles__trigger-opened\"><i aria-hidden=\"true\" aria-label=\"Opened\" class=\"cmsdemo-icon- cms-demo-icon-minus\"><\/i><\/span><\/span><\/h4><div id=\"elementor-widget-cmsmasters-toggles__content-1545\" class=\"elementor-widget-cmsmasters-toggles__content elementor-clearfix\" data-tab=\"5\"><p>Desde hidratar y aportar luminosidad hasta tratar impurezas o brotes, el enfoque siempre es el mismo: que tu piel se vea y se sienta mejor.<\/p><\/div><\/div><\/div>\t\t\t\t<\/div>\n\t\t\t\t<\/section>\n\t\t\t\t\t<\/div>\n\t\t\t\t<\/section>\n\t\t\t\t<\/div>\n\t\t","protected":false},"excerpt":{"rendered":"<p>\u00a1Cont\u00e1ctanos! Agenda tu cita y deja tu piel en las manos expertas de Be.u Medell\u00edn. Realza tu brillo natural Completa el formulario y uno de nuestros asesores te contactar\u00e1 para agendar tu cita de valoraci\u00f3n FAQ Explora todo nuestro portafolio Explora nuestros tratamientos faciales \u00c1cido hialur\u00f3nico Permite hidratar la piel, perfilar rasgos y aportar volumen&#8230;<\/p>","protected":false},"author":2,"featured_media":0,"parent":0,"menu_order":0,"comment_status":"closed","ping_status":"closed","template":"","meta":{"_acf_changed":false,"footnotes":""},"class_list":["post-32900","page","type-page","status-publish","hentry"],"acf":[],"yoast_head":"<!-- This site is optimized with the Yoast SEO plugin v27.5 - https:\/\/yoast.com\/product\/yoast-seo-wordpress\/ -->\n<title>Contacto | Beu Medicina est\u00e9tica en Medell\u00edn<\/title>\n<meta name=\"description\" content=\"Agenda tu cita en Beu Medell\u00edn o recibe asesor\u00eda en medicina est\u00e9tica. Botox, tecnolog\u00edas faciales y tratamientos personalizados.\" \/>\n<meta name=\"robots\" content=\"index, follow, max-snippet:-1, max-image-preview:large, max-video-preview:-1\" \/>\n<link rel=\"canonical\" href=\"https:\/\/wearebeu.com\/en\/contact-beu\/\" \/>\n<meta property=\"og:locale\" content=\"en_US\" \/>\n<meta property=\"og:type\" content=\"article\" \/>\n<meta property=\"og:title\" content=\"Contacto | Beu Medicina est\u00e9tica en Medell\u00edn\" \/>\n<meta property=\"og:description\" content=\"Agenda tu cita en Beu Medell\u00edn o recibe asesor\u00eda en medicina est\u00e9tica. Botox, tecnolog\u00edas faciales y tratamientos personalizados.\" \/>\n<meta property=\"og:url\" content=\"https:\/\/wearebeu.com\/en\/contact-beu\/\" \/>\n<meta property=\"og:site_name\" content=\"wearebeu.com\" \/>\n<meta property=\"article:modified_time\" content=\"2026-04-16T20:35:29+00:00\" \/>\n<meta name=\"twitter:card\" content=\"summary_large_image\" \/>\n<meta name=\"twitter:label1\" content=\"Est. reading time\" \/>\n\t<meta name=\"twitter:data1\" content=\"1 minute\" \/>\n<!-- \/ Yoast SEO plugin. -->","yoast_head_json":{"title":"Contact us | Beu Aesthetic Medicine in Medell\u00edn","description":"Schedule your appointment at Beu Medellin or receive advice on aesthetic medicine. Botox, facial technologies and personalized treatments.","robots":{"index":"index","follow":"follow","max-snippet":"max-snippet:-1","max-image-preview":"max-image-preview:large","max-video-preview":"max-video-preview:-1"},"canonical":"https:\/\/wearebeu.com\/en\/contact-beu\/","og_locale":"en_US","og_type":"article","og_title":"Contacto | Beu Medicina est\u00e9tica en Medell\u00edn","og_description":"Agenda tu cita en Beu Medell\u00edn o recibe asesor\u00eda en medicina est\u00e9tica. Botox, tecnolog\u00edas faciales y tratamientos personalizados.","og_url":"https:\/\/wearebeu.com\/en\/contact-beu\/","og_site_name":"wearebeu.com","article_modified_time":"2026-04-16T20:35:29+00:00","twitter_card":"summary_large_image","twitter_misc":{"Est. reading time":"1 minute"},"schema":{"@context":"https:\/\/schema.org","@graph":[{"@type":"WebPage","@id":"https:\/\/wearebeu.com\/contacto-beu\/","url":"https:\/\/wearebeu.com\/contacto-beu\/","name":"Contact us | Beu Aesthetic Medicine in Medell\u00edn","isPartOf":{"@id":"https:\/\/wearebeu.com\/#website"},"datePublished":"2026-03-17T13:56:31+00:00","dateModified":"2026-04-16T20:35:29+00:00","description":"Schedule your appointment at Beu Medellin or receive advice on aesthetic medicine. Botox, facial technologies and personalized treatments.","breadcrumb":{"@id":"https:\/\/wearebeu.com\/contacto-beu\/#breadcrumb"},"inLanguage":"en-US","potentialAction":[{"@type":"ReadAction","target":["https:\/\/wearebeu.com\/contacto-beu\/"]}]},{"@type":"BreadcrumbList","@id":"https:\/\/wearebeu.com\/contacto-beu\/#breadcrumb","itemListElement":[{"@type":"ListItem","position":1,"name":"Inicio","item":"https:\/\/wearebeu.com\/"},{"@type":"ListItem","position":2,"name":"Contacto"}]},{"@type":"WebSite","@id":"https:\/\/wearebeu.com\/#website","url":"https:\/\/wearebeu.com\/","name":"wearebeu.com","description":"","potentialAction":[{"@type":"SearchAction","target":{"@type":"EntryPoint","urlTemplate":"https:\/\/wearebeu.com\/?s={search_term_string}"},"query-input":{"@type":"PropertyValueSpecification","valueRequired":true,"valueName":"search_term_string"}}],"inLanguage":"en-US"}]}},"_links":{"self":[{"href":"https:\/\/wearebeu.com\/en\/wp-json\/wp\/v2\/pages\/32900","targetHints":{"allow":["GET"]}}],"collection":[{"href":"https:\/\/wearebeu.com\/en\/wp-json\/wp\/v2\/pages"}],"about":[{"href":"https:\/\/wearebeu.com\/en\/wp-json\/wp\/v2\/types\/page"}],"author":[{"embeddable":true,"href":"https:\/\/wearebeu.com\/en\/wp-json\/wp\/v2\/users\/2"}],"replies":[{"embeddable":true,"href":"https:\/\/wearebeu.com\/en\/wp-json\/wp\/v2\/comments?post=32900"}],"version-history":[{"count":25,"href":"https:\/\/wearebeu.com\/en\/wp-json\/wp\/v2\/pages\/32900\/revisions"}],"predecessor-version":[{"id":38386,"href":"https:\/\/wearebeu.com\/en\/wp-json\/wp\/v2\/pages\/32900\/revisions\/38386"}],"wp:attachment":[{"href":"https:\/\/wearebeu.com\/en\/wp-json\/wp\/v2\/media?parent=32900"}],"curies":[{"name":"wp","href":"https:\/\/api.w.org\/{rel}","templated":true}]}}